{"id":246,"date":"2017-05-04T17:45:52","date_gmt":"2017-05-04T20:45:52","guid":{"rendered":"http:\/\/www.lyonengenharia.com.br\/?page_id=246"},"modified":"2018-04-03T12:17:12","modified_gmt":"2018-04-03T15:17:12","slug":"gestao-de-facilities","status":"publish","type":"page","link":"https:\/\/www.lyonengenharia.com.br\/?page_id=246","title":{"rendered":"Gest\u00e3o de Facilities"},"content":{"rendered":"<div data-vc-full-width=\"true\" data-vc-full-width-init=\"false\" class=\"vc_row wpb_row vc_row-fluid featured-bg-row vc_custom_1499180519509 wpex-vc_row-has-fill wpex-vc-row-stretched wpex-has-overlay\"><div class=\"wpb_column vc_column_container vc_col-sm-12\"><div class=\"vc_column-inner \"  ><div class=\"wpb_wrapper\">\n\t<div class=\"wpb_text_column wpb_content_element  featured-text facilities\" >\n\t\t<div class=\"wpb_wrapper\">\n\t\t\t<h2 style=\"text-align: center;\"><span class=\"featured-title\">Controle e Redu\u00e7\u00e3o de Custos<\/span><\/h2>\n<p style=\"text-align: center;\"><span class=\"featured-subtitle\">Processos e servi\u00e7os otimizados atrav\u00e9s de gest\u00e3o inovadora.<\/span><\/p>\n\n\t\t<\/div>\n\t<\/div>\n<\/div><\/div><\/div><div class=\"wpex-bg-overlay-wrap\"> <span class=\"wpex-bg-overlay color\" style=\"background-color:#ffffff;opacity:0.1;-webkit-opacity:0.1;-moz-opacity:0.1;\" data-style=\"background-color:#ffffff;opacity:0.1;-webkit-opacity:0.1;-moz-opacity:0.1;\"><\/span><\/div><\/div><div class=\"vc_row-full-width vc_clearfix\"><\/div><div class=\"vc_row wpb_row vc_row-fluid\"><div class=\"wpb_column vc_column_container vc_col-sm-12\"><div class=\"vc_column-inner \"  ><div class=\"wpb_wrapper\"><div class=\"vc_empty_space\"   style=\"height: 40px\" ><span class=\"vc_empty_space_inner\"><\/span><\/div>\n\n\t<div class=\"wpb_text_column wpb_content_element  section-title facilities\" >\n\t\t<div class=\"wpb_wrapper\">\n\t\t\t<h2 style=\"text-align: center;\"><span style=\"color: #2a572f;\">Gest\u00e3o de<\/span><br \/>\n<span style=\"color: #2a572f;\"> <strong>Facilities<\/strong><\/span><\/h2>\n\n\t\t<\/div>\n\t<\/div>\n\n\t<div class=\"wpb_text_column wpb_content_element \" >\n\t\t<div class=\"wpb_wrapper\">\n\t\t\t<p>A experi\u00eancia da <strong>Lyon<\/strong> no gerenciamento de projetos para os mais diversos segmentos, serviu de alicerce para a oferta de servi\u00e7os de <strong>gest\u00e3o de Facilities<\/strong>.<\/p>\n<p>Seja na administra\u00e7\u00e3o de m\u00faltiplos servi\u00e7os ou na integra\u00e7\u00e3o de pessoas, processos e tecnologias, a Lyon oferece solu\u00e7\u00f5es que se diferenciam por sua flexibilidade e custo-benef\u00edcio.<\/p>\n\n\t\t<\/div>\n\t<\/div>\n<div class=\"vc_empty_space\"   style=\"height: 30px\" ><span class=\"vc_empty_space_inner\"><\/span><\/div>\n<\/div><\/div><\/div><\/div><div data-vc-full-width=\"true\" data-vc-full-width-init=\"false\" class=\"vc_row wpb_row vc_row-fluid alt-bg-color wpex-vc-row-stretched\"><div class=\"wpb_column vc_column_container vc_col-sm-12\"><div class=\"vc_column-inner \"  ><div class=\"wpb_wrapper\"><div class=\"vc_empty_space\"   style=\"height: 30px\" ><span class=\"vc_empty_space_inner\"><\/span><\/div>\n\n\t<div class=\"wpb_text_column wpb_content_element  section-title facilities\" >\n\t\t<div class=\"wpb_wrapper\">\n\t\t\t<h2 style=\"text-align: center;\"><span style=\"color: #2a572f;\">Gest\u00e3o de Pessoas<\/span><\/h2>\n\n\t\t<\/div>\n\t<\/div>\n\n\t<div class=\"wpb_text_column wpb_content_element \" >\n\t\t<div class=\"wpb_wrapper\">\n\t\t\t<p>A estrutura\u00e7\u00e3o das equipes \u00e9 realizada atrav\u00e9s de um processo de recrutamento transparente, onde a busca por compet\u00eancias e a oferta de remunera\u00e7\u00e3o compat\u00edvel se somam a treinamentos e m\u00e9todos de integra\u00e7\u00e3o customizados. O resultado desse esfor\u00e7o se traduz na escolha e prepara\u00e7\u00e3o de profissionais competentes, alinhados com as necessidades de nossos clientes.<\/p>\n\n\t\t<\/div>\n\t<\/div>\n<div class=\"vc_empty_space\"   style=\"height: 30px\" ><span class=\"vc_empty_space_inner\"><\/span><\/div>\n<\/div><\/div><\/div><\/div><div class=\"vc_row-full-width vc_clearfix\"><\/div><div class=\"vc_row wpb_row vc_row-fluid\"><div class=\"wpb_column vc_column_container vc_col-sm-12\"><div class=\"vc_column-inner \"  ><div class=\"wpb_wrapper\"><div class=\"vc_empty_space\"   style=\"height: 30px\" ><span class=\"vc_empty_space_inner\"><\/span><\/div>\n\n\t<div class=\"wpb_text_column wpb_content_element  section-title facilities\" >\n\t\t<div class=\"wpb_wrapper\">\n\t\t\t<h2 style=\"text-align: center;\"><span style=\"color: #2a572f;\">Gest\u00e3o Tecnol\u00f3gica<\/span><\/h2>\n\n\t\t<\/div>\n\t<\/div>\n\n\t<div class=\"wpb_text_column wpb_content_element \" >\n\t\t<div class=\"wpb_wrapper\">\n\t\t\t<p>O uso de sistemas de informa\u00e7\u00f5es modernos, incluindo ferramentas desenvolvida pela Lyon, oferecem altos n\u00edveis de intelig\u00eancia para o controle e acompanhamento dos servi\u00e7os executados, auxiliando a tomada de decis\u00f5es em tempo real.<\/p>\n<p>Entre as tecnologias utilizadas se destacam Sistemas corporativos integrados, sistemas de gest\u00e3o de pessoas e projetos, e ferramentas de apoio \u00e0s atividades executadas.<\/p>\n\n\t\t<\/div>\n\t<\/div>\n<div class=\"vc_empty_space\"   style=\"height: 30px\" ><span class=\"vc_empty_space_inner\"><\/span><\/div>\n<\/div><\/div><\/div><\/div><div data-vc-full-width=\"true\" data-vc-full-width-init=\"false\" class=\"vc_row wpb_row vc_row-fluid alt-bg-color wpex-vc-row-stretched\"><div class=\"wpb_column vc_column_container vc_col-sm-12\"><div class=\"vc_column-inner \"  ><div class=\"wpb_wrapper\"><div class=\"vc_empty_space\"   style=\"height: 40px\" ><span class=\"vc_empty_space_inner\"><\/span><\/div>\n\n\t<div class=\"wpb_text_column wpb_content_element  section-title facilities\" >\n\t\t<div class=\"wpb_wrapper\">\n\t\t\t<h2 style=\"text-align: center;\"><span style=\"color: #2a572f;\">Servi\u00e7os<\/span><\/h2>\n\n\t\t<\/div>\n\t<\/div>\n\n\t<div class=\"wpb_text_column wpb_content_element \" >\n\t\t<div class=\"wpb_wrapper\">\n\t\t\t<p>A Lyon estrutura equipes aptas a gerenciar servi\u00e7os de suporte t\u00e9cnico e administrativo <br class=\"break-row\" \/>para atividade de atendimento ao p\u00fablico externo e interno como:<\/p>\n\n\t\t<\/div>\n\t<\/div>\n<div class=\"vc_row wpb_row vc_inner vc_row-fluid\"><div class=\"wpb_column vc_column_container vc_col-sm-12\"><div class=\"vc_column-inner \"><div class=\"wpb_wrapper\">\n\t<div class=\"wpb_text_column wpb_content_element  facilities\" >\n\t\t<div class=\"wpb_wrapper\">\n\t\t\t<h3><span style=\"color: #2a572f;\">Gest\u00e3o integrada de facilities<\/span><\/h3>\n<ul>\n<li>Apoio Administrativo<\/li>\n<li>Portaria, Controle de Acesso e Recep\u00e7\u00e3o<\/li>\n<li>Seguran\u00e7a Patrimonial<\/li>\n<li>Limpeza e conserva\u00e7\u00e3o de \u00e1reas verdes<\/li>\n<li>Gest\u00e3o e Manuten\u00e7\u00e3o Predial (mec\u00e2nica, civil, el\u00e9trica, hidr\u00e1ulica, pintura, carpintaria e utilidades)<\/li>\n<li>Gest\u00e3o de contratos de terceiros<\/li>\n<li>Gest\u00e3o de Almoxarifado<\/li>\n<li>Gest\u00e3o e Opera\u00e7\u00e3o de Malotes e Correspond\u00eancias<\/li>\n<li>Gest\u00e3o, organiza\u00e7\u00e3o e digitaliza\u00e7\u00e3o de documentos<\/li>\n<li>Outsourcing de TI<\/li>\n<\/ul>\n\n\t\t<\/div>\n\t<\/div>\n<\/div><\/div><\/div><\/div><div class=\"vc_empty_space\"   style=\"height: 10px\" ><span class=\"vc_empty_space_inner\"><\/span><\/div>\n<\/div><\/div><\/div><\/div><div class=\"vc_row-full-width vc_clearfix\"><\/div><div class=\"vc_row wpb_row vc_row-fluid\"><div class=\"wpb_column vc_column_container vc_col-sm-12\"><div class=\"vc_column-inner \"  ><div class=\"wpb_wrapper\"><div class=\"vc_empty_space\"   style=\"height: 40px\" ><span class=\"vc_empty_space_inner\"><\/span><\/div>\n\n\t<div class=\"wpb_text_column wpb_content_element  section-title\" >\n\t\t<div class=\"wpb_wrapper\">\n\t\t\t<h2 style=\"text-align: center;\">Alguns de nossos cases<\/h2>\n\n\t\t<\/div>\n\t<\/div>\n<div class=\"vc_empty_space\"   style=\"height: 10px\" ><span class=\"vc_empty_space_inner\"><\/span><\/div>\n<div class=\"vc_tta-container\" data-vc-action=\"collapse\"><div class=\"vc_general vc_tta vc_tta-tabs vc_tta-color-grey vc_tta-style-classic vc_tta-shape-rounded vc_tta-spacing-1 cases-tabs facilities vc_tta-tabs-position-top vc_tta-controls-align-center cases-tabs facilities\"><div class=\"vc_tta-tabs-container\"><ul class=\"vc_tta-tabs-list\"><li class=\"vc_tta-tab vc_active\" data-vc-tab><a href=\"#Vale\" data-vc-tabs data-vc-container=\".vc_tta\"><span class=\"vc_tta-title-text\">Vale<\/span><\/a><\/li><li class=\"vc_tta-tab\" data-vc-tab><a href=\"#cmoc\" data-vc-tabs data-vc-container=\".vc_tta\"><span class=\"vc_tta-title-text\">CMOC Brasil<\/span><\/a><\/li><\/ul><\/div><div class=\"vc_tta-panels-container\"><div class=\"vc_tta-panels\"><div class=\"vc_tta-panel vc_active\" id=\"Vale\" data-vc-content=\".vc_tta-panel-body\"><div class=\"vc_tta-panel-heading\"><h4 class=\"vc_tta-panel-title\"><a href=\"#Vale\" data-vc-accordion data-vc-container=\".vc_tta-container\"><span class=\"vc_tta-title-text\">Vale<\/span><\/a><\/h4><\/div><div class=\"vc_tta-panel-body\">\n\t<div class=\"wpb_text_column wpb_content_element \" >\n\t\t<div class=\"wpb_wrapper\">\n\t\t\t<p><img loading=\"lazy\" class=\"alignright wp-image-469 size-full\" src=\"http:\/\/www.lyonengenharia.com.br\/wp-content\/uploads\/2017\/05\/ilustracao-case-vale-facilities.jpg\" alt=\"\" width=\"300\" height=\"300\" srcset=\"https:\/\/www.lyonengenharia.com.br\/wp-content\/uploads\/2017\/05\/ilustracao-case-vale-facilities.jpg 300w, https:\/\/www.lyonengenharia.com.br\/wp-content\/uploads\/2017\/05\/ilustracao-case-vale-facilities-150x150.jpg 150w\" sizes=\"(max-width: 300px) 100vw, 300px\" \/><\/p>\n<h2>Cliente Vale<\/h2>\n<p class=\"case-description\">Gest\u00e3o de malotes e correspond\u00eancias<br \/>\n<strong>Minas Gerais, Rio de Janeiro e Espirito Santo<\/strong><\/p>\n<p>O desafio de cumprir o escopo firmado com a VALE para Gest\u00e3o de Malotes e Correspond\u00eancias entre seus complexos operacionais e unidades regionais com maior efici\u00eancia e produtividade foi o nosso motivador para desenvolver uma Solu\u00e7\u00e3o Completa, com Tecnologia e Metodologia LYON.<\/p>\n<p>Em nossa divis\u00e3o de Gest\u00e3o de Facilities, convertemos todo nosso conhecimento e experi\u00eancia em gest\u00e3o de projetos e processos em solu\u00e7\u00f5es que agreguem valor e ofere\u00e7am intelig\u00eancia operacional para as atividades secund\u00e1rias de nossos clientes.<\/p>\n<p>A Solu\u00e7\u00e3o implantada \u00e9 composta por uma plataforma online customizada e integrada com dispositivos m\u00f3veis (tablets\/smartphones), por meio dos quais s\u00e3o realizados todos os registros de coleta e movimenta\u00e7\u00e3o de objetos.<\/p>\n\n\t\t<\/div>\n\t<\/div>\n<\/div><\/div><div class=\"vc_tta-panel\" id=\"cmoc\" data-vc-content=\".vc_tta-panel-body\"><div class=\"vc_tta-panel-heading\"><h4 class=\"vc_tta-panel-title\"><a href=\"#cmoc\" data-vc-accordion data-vc-container=\".vc_tta-container\"><span class=\"vc_tta-title-text\">CMOC Brasil<\/span><\/a><\/h4><\/div><div class=\"vc_tta-panel-body\">\n\t<div class=\"wpb_text_column wpb_content_element \" >\n\t\t<div class=\"wpb_wrapper\">\n\t\t\t<p><img loading=\"lazy\" class=\"alignright size-full wp-image-468\" src=\"http:\/\/www.lyonengenharia.com.br\/wp-content\/uploads\/2017\/05\/ilustracao-case-cmoc.jpg\" alt=\"\" width=\"300\" height=\"300\" srcset=\"https:\/\/www.lyonengenharia.com.br\/wp-content\/uploads\/2017\/05\/ilustracao-case-cmoc.jpg 300w, https:\/\/www.lyonengenharia.com.br\/wp-content\/uploads\/2017\/05\/ilustracao-case-cmoc-150x150.jpg 150w\" sizes=\"(max-width: 300px) 100vw, 300px\" \/><\/p>\n<h2>Cliente CMOC Brasil<\/h2>\n<p class=\"case-description\">Gest\u00e3o integrada de facilities<br \/>\n<strong>Catal\u00e3o e Ouvidor &#8211; Goi\u00e1s | Cubat\u00e3o &#8211; S\u00e3o Paulo<\/strong><\/p>\n<p>A CMOC International possui opera\u00e7\u00f5es de ni\u00f3bio e fosfatos no Brasil, atrav\u00e9s das marcas Niobras e Copebras.<\/p>\n<p>A LYON Engenharia, em sua divis\u00e3o de Gest\u00e3o de Facilities, apoia estrategicamente a CMOC International como empresa l\u00edder e respons\u00e1vel pela Gest\u00e3o Integrada de Facilities nas unidades operacionais da empresa.<\/p>\n<p>Localidades de atua\u00e7\u00e3o:<\/p>\n<ul>\n<li>Mina de extra\u00e7\u00e3o em Catal\u00e3o\/GO<\/li>\n<li>Usina de beneficiamento em Ouvidor\/GO<\/li>\n<li>Plantas Industriais em Catal\u00e3o\/GO e Cubat\u00e3o\/SP<\/li>\n<\/ul>\n\n\t\t<\/div>\n\t<\/div>\n<\/div><\/div><\/div><\/div><\/div><\/div><\/div><\/div><\/div><\/div>\n","protected":false},"excerpt":{"rendered":"Controle e Redu\u00e7\u00e3o de Custos Processos e servi\u00e7os otimizados atrav\u00e9s de gest\u00e3o inovadora. Gest\u00e3o de Facilities A experi\u00eancia da Lyon no gerenciamento de projetos para os mais diversos segmentos, serviu de alicerce para a oferta de servi\u00e7os de gest\u00e3o de&hellip;","protected":false},"author":2,"featured_media":0,"parent":0,"menu_order":0,"comment_status":"closed","ping_status":"closed","template":"","meta":[],"yoast_head":"<!-- This site is optimized with the Yoast SEO plugin v19.6.1 - https:\/\/yoast.com\/wordpress\/plugins\/seo\/ -->\n<title>Gest\u00e3o de Facilities - Lyon Engenharia<\/title>\n<meta name=\"robots\" content=\"index, follow, max-snippet:-1, max-image-preview:large, max-video-preview:-1\" \/>\n<link rel=\"canonical\" href=\"https:\/\/www.lyonengenharia.com.br\/gestao-de-facilities\/\" \/>\n<meta property=\"og:locale\" content=\"pt_BR\" \/>\n<meta property=\"og:type\" content=\"article\" \/>\n<meta property=\"og:title\" content=\"Gest\u00e3o de Facilities - Lyon Engenharia\" \/>\n<meta property=\"og:url\" content=\"https:\/\/www.lyonengenharia.com.br\/gestao-de-facilities\/\" \/>\n<meta property=\"og:site_name\" content=\"Lyon Engenharia\" \/>\n<meta property=\"article:modified_time\" content=\"2018-04-03T15:17:12+00:00\" \/>\n<meta property=\"og:image\" content=\"http:\/\/www.lyonengenharia.com.br\/wp-content\/uploads\/2017\/05\/ilustracao-case-vale-facilities.jpg\" \/>\n<meta name=\"twitter:card\" content=\"summary\" \/>\n<meta name=\"twitter:label1\" content=\"Est. tempo de leitura\" \/>\n\t<meta name=\"twitter:data1\" content=\"4 minutos\" \/>\n<script type=\"application\/ld+json\" class=\"yoast-schema-graph\">{\"@context\":\"https:\/\/schema.org\",\"@graph\":[{\"@type\":\"WebPage\",\"@id\":\"https:\/\/www.lyonengenharia.com.br\/gestao-de-facilities\/\",\"url\":\"https:\/\/www.lyonengenharia.com.br\/gestao-de-facilities\/\",\"name\":\"Gest\u00e3o de Facilities - Lyon Engenharia\",\"isPartOf\":{\"@id\":\"https:\/\/www.lyonengenharia.com.br\/#website\"},\"datePublished\":\"2017-05-04T20:45:52+00:00\",\"dateModified\":\"2018-04-03T15:17:12+00:00\",\"breadcrumb\":{\"@id\":\"https:\/\/www.lyonengenharia.com.br\/gestao-de-facilities\/#breadcrumb\"},\"inLanguage\":\"pt-BR\",\"potentialAction\":[{\"@type\":\"ReadAction\",\"target\":[\"https:\/\/www.lyonengenharia.com.br\/gestao-de-facilities\/\"]}]},{\"@type\":\"BreadcrumbList\",\"@id\":\"https:\/\/www.lyonengenharia.com.br\/gestao-de-facilities\/#breadcrumb\",\"itemListElement\":[{\"@type\":\"ListItem\",\"position\":1,\"name\":\"In\u00edcio\",\"item\":\"https:\/\/www.lyonengenharia.com.br\/\"},{\"@type\":\"ListItem\",\"position\":2,\"name\":\"Gest\u00e3o de Facilities\"}]},{\"@type\":\"WebSite\",\"@id\":\"https:\/\/www.lyonengenharia.com.br\/#website\",\"url\":\"https:\/\/www.lyonengenharia.com.br\/\",\"name\":\"Lyon Engenharia\",\"description\":\"Especializada em servi\u00e7os de engenharia e gest\u00e3o de facilities\",\"potentialAction\":[{\"@type\":\"SearchAction\",\"target\":{\"@type\":\"EntryPoint\",\"urlTemplate\":\"https:\/\/www.lyonengenharia.com.br\/?s={search_term_string}\"},\"query-input\":\"required name=search_term_string\"}],\"inLanguage\":\"pt-BR\"}]}<\/script>\n<!-- \/ Yoast SEO plugin. -->","yoast_head_json":{"title":"Gest\u00e3o de Facilities - Lyon Engenharia","robots":{"index":"index","follow":"follow","max-snippet":"max-snippet:-1","max-image-preview":"max-image-preview:large","max-video-preview":"max-video-preview:-1"},"canonical":"https:\/\/www.lyonengenharia.com.br\/gestao-de-facilities\/","og_locale":"pt_BR","og_type":"article","og_title":"Gest\u00e3o de Facilities - Lyon Engenharia","og_url":"https:\/\/www.lyonengenharia.com.br\/gestao-de-facilities\/","og_site_name":"Lyon Engenharia","article_modified_time":"2018-04-03T15:17:12+00:00","og_image":[{"url":"http:\/\/www.lyonengenharia.com.br\/wp-content\/uploads\/2017\/05\/ilustracao-case-vale-facilities.jpg"}],"twitter_card":"summary","twitter_misc":{"Est. tempo de leitura":"4 minutos"},"schema":{"@context":"https:\/\/schema.org","@graph":[{"@type":"WebPage","@id":"https:\/\/www.lyonengenharia.com.br\/gestao-de-facilities\/","url":"https:\/\/www.lyonengenharia.com.br\/gestao-de-facilities\/","name":"Gest\u00e3o de Facilities - Lyon Engenharia","isPartOf":{"@id":"https:\/\/www.lyonengenharia.com.br\/#website"},"datePublished":"2017-05-04T20:45:52+00:00","dateModified":"2018-04-03T15:17:12+00:00","breadcrumb":{"@id":"https:\/\/www.lyonengenharia.com.br\/gestao-de-facilities\/#breadcrumb"},"inLanguage":"pt-BR","potentialAction":[{"@type":"ReadAction","target":["https:\/\/www.lyonengenharia.com.br\/gestao-de-facilities\/"]}]},{"@type":"BreadcrumbList","@id":"https:\/\/www.lyonengenharia.com.br\/gestao-de-facilities\/#breadcrumb","itemListElement":[{"@type":"ListItem","position":1,"name":"In\u00edcio","item":"https:\/\/www.lyonengenharia.com.br\/"},{"@type":"ListItem","position":2,"name":"Gest\u00e3o de Facilities"}]},{"@type":"WebSite","@id":"https:\/\/www.lyonengenharia.com.br\/#website","url":"https:\/\/www.lyonengenharia.com.br\/","name":"Lyon Engenharia","description":"Especializada em servi\u00e7os de engenharia e gest\u00e3o de facilities","potentialAction":[{"@type":"SearchAction","target":{"@type":"EntryPoint","urlTemplate":"https:\/\/www.lyonengenharia.com.br\/?s={search_term_string}"},"query-input":"required name=search_term_string"}],"inLanguage":"pt-BR"}]}},"_links":{"self":[{"href":"https:\/\/www.lyonengenharia.com.br\/index.php?rest_route=\/wp\/v2\/pages\/246"}],"collection":[{"href":"https:\/\/www.lyonengenharia.com.br\/index.php?rest_route=\/wp\/v2\/pages"}],"about":[{"href":"https:\/\/www.lyonengenharia.com.br\/index.php?rest_route=\/wp\/v2\/types\/page"}],"author":[{"embeddable":true,"href":"https:\/\/www.lyonengenharia.com.br\/index.php?rest_route=\/wp\/v2\/users\/2"}],"replies":[{"embeddable":true,"href":"https:\/\/www.lyonengenharia.com.br\/index.php?rest_route=%2Fwp%2Fv2%2Fcomments&post=246"}],"version-history":[{"count":42,"href":"https:\/\/www.lyonengenharia.com.br\/index.php?rest_route=\/wp\/v2\/pages\/246\/revisions"}],"predecessor-version":[{"id":540,"href":"https:\/\/www.lyonengenharia.com.br\/index.php?rest_route=\/wp\/v2\/pages\/246\/revisions\/540"}],"wp:attachment":[{"href":"https:\/\/www.lyonengenharia.com.br\/index.php?rest_route=%2Fwp%2Fv2%2Fmedia&parent=246"}],"curies":[{"name":"wp","href":"https:\/\/api.w.org\/{rel}","templated":true}]}}