{"id":71,"date":"2017-04-18T12:06:43","date_gmt":"2017-04-18T15:06:43","guid":{"rendered":"http:\/\/www.lyonengenharia.com.br\/?page_id=71"},"modified":"2022-02-22T18:55:27","modified_gmt":"2022-02-22T21:55:27","slug":"sobre","status":"publish","type":"page","link":"https:\/\/www.lyonengenharia.com.br\/?page_id=71","title":{"rendered":"Sobre a Lyon"},"content":{"rendered":"<div data-vc-full-width=\"true\" data-vc-full-width-init=\"false\" class=\"vc_row wpb_row vc_row-fluid featured-bg-row vc_custom_1499178445178 wpex-vc_row-has-fill wpex-vc-row-stretched\"><div class=\"wpb_column vc_column_container vc_col-sm-12\"><div class=\"vc_column-inner \"  ><div class=\"wpb_wrapper\">\n\t<div class=\"wpb_text_column wpb_content_element  featured-text\" >\n\t\t<div class=\"wpb_wrapper\">\n\t\t\t<h2 style=\"text-align: center;\"><span class=\"featured-title\">Solidez e Planejamento<\/span><\/h2>\n<p style=\"text-align: center;\"><span style=\"font-weight: 400;\">17 anos dedicados a atender colaboradores e clientes<\/span><\/p>\n\n\t\t<\/div>\n\t<\/div>\n<\/div><\/div><\/div><\/div><div class=\"vc_row-full-width vc_clearfix\"><\/div><div class=\"vc_row wpb_row vc_row-fluid\"><div class=\"wpb_column vc_column_container vc_col-sm-12\"><div class=\"vc_column-inner \"  ><div class=\"wpb_wrapper\"><div class=\"vc_empty_space\"   style=\"height: 40px\" ><span class=\"vc_empty_space_inner\"><\/span><\/div>\n\n\t<div class=\"wpb_text_column wpb_content_element  section-title\" >\n\t\t<div class=\"wpb_wrapper\">\n\t\t\t<h2 style=\"text-align: center;\">Sobre a<br \/>\n<strong>Lyon Engenharia<\/strong><\/h2>\n\n\t\t<\/div>\n\t<\/div>\n\n\t<div class=\"wpb_text_column wpb_content_element \" >\n\t\t<div class=\"wpb_wrapper\">\n\t\t\t<p><span style=\"font-weight: 400;\">Somos uma empresa de resultados s\u00f3lidos e em cont\u00ednuo crescimento. Acreditamos que a inova\u00e7\u00e3o, o respeito e o comprometimento, atrelados \u00e0 conhecimento e experi\u00eancia, se traduzem em resultados para nossos clientes.\u00a0<\/span><\/p>\n<p><span style=\"font-weight: 400;\">Nossa especialidade \u00e9 selecionar o time certo para o projeto, e o que nos diferencia nesse mercado t\u00e3o competitivo s\u00e3o os mais de 600 projetos entregues aos players mais exigentes do mercado e uma base com mais de 150 mil curr\u00edculos pr\u00e9-selecionados, garantindo assertividade e agilidade no atendimento das demandas de nossos clientes.<\/span><\/p>\n<p><span style=\"font-weight: 400;\">Na Lyon os processos est\u00e3o desenhados para entregar valor do cliente ao colaborador, da mobiliza\u00e7\u00e3o ao encerramento do projeto.<\/span><\/p>\n\n\t\t<\/div>\n\t<\/div>\n<div class=\"vc_empty_space\"   style=\"height: 20px\" ><span class=\"vc_empty_space_inner\"><\/span><\/div>\n<div class=\"vc_empty_space\"   style=\"height: 30px\" ><span class=\"vc_empty_space_inner\"><\/span><\/div>\n<\/div><\/div><\/div><\/div><div data-vc-full-width=\"true\" data-vc-full-width-init=\"false\" class=\"vc_row wpb_row vc_row-fluid alt-bg-color wpex-vc-row-stretched\"><div class=\"wpb_column vc_column_container vc_col-sm-12\"><div class=\"vc_column-inner \"  ><div class=\"wpb_wrapper\"><div class=\"vc_empty_space\"   style=\"height: 30px\" ><span class=\"vc_empty_space_inner\"><\/span><\/div>\n\n\t<div class=\"wpb_text_column wpb_content_element  section-title\" >\n\t\t<div class=\"wpb_wrapper\">\n\t\t\t<h2 style=\"text-align: center;\">Linha do<br \/>\n<strong>Tempo<\/strong><\/h2>\n\n\t\t<\/div>\n\t<\/div>\n<div id=\"ts-process-line-container-8135721\" class=\"ts-process-line-container timeline    \" data-animation-trigger=\"item-in-view\" data-animation-type1=\"\" data-animation-type2=\"\" data-animation-type3=\"\" data-animation-type4=\"\" data-animation-frontend=\"false\" data-animation-offset=\"bottom-in-view\" data-animation-delay=\"0\" data-animation-wait=\"500\" data-animation-mobile=\"false\" data-style=\"style3\" data-alignment=\"alternate\" data-switchme=\"false\" data-switchat=\"640\" data-switchto=\"left\" style=\"margin-top: 0px; margin-bottom: 0px;\"><ul class=\"ts-timeline-3 ts-timeline-3-align-alternate\"><li id=\"ts-vcsc-process-line-item-9992757\" class=\"ts-timeline-3-item \"><div class=\"ts-timeline-3-content-main\"><div class=\"flag-wrapper\"><div class=\"flag\">2004<\/div><\/div><div class=\"desc-wrapper\"><div class=\"desc\">In\u00edcio das opera\u00e7\u00f5es em <strong>Belo Horizonte \u2013 MG<\/strong><\/div><\/div><\/div><\/li><li id=\"ts-vcsc-process-line-item-3246056\" class=\"ts-timeline-3-item \"><div class=\"ts-timeline-3-content-main\"><div class=\"flag-wrapper\"><div class=\"flag\">2005<\/div><\/div><div class=\"desc-wrapper\"><div class=\"desc\">Abertura da primeira filial, em <strong>Vit\u00f3ria \u2013 ES<\/strong><\/div><\/div><\/div><\/li><li id=\"ts-vcsc-process-line-item-7575212\" class=\"ts-timeline-3-item \"><div class=\"ts-timeline-3-content-main\"><div class=\"flag-wrapper\"><div class=\"flag\">2007<\/div><\/div><div class=\"desc-wrapper\"><div class=\"desc\">Mais de <strong>50 projetos conclu\u00eddos<\/strong> em 3 anos de opera\u00e7\u00e3o<\/div><\/div><\/div><\/li><li id=\"ts-vcsc-process-line-item-1570349\" class=\"ts-timeline-3-item \"><div class=\"ts-timeline-3-content-main\"><div class=\"flag-wrapper\"><div class=\"flag\">2008<\/div><\/div><div class=\"desc-wrapper\"><div class=\"desc\">Entra para o ranking das <strong>20 maiores empresas de engenharia consultiva do Brasil<\/strong>, elaborado pela revista <strong>O Empreiteiro<\/strong>.<\/div><\/div><\/div><\/li><li id=\"ts-vcsc-process-line-item-3663199\" class=\"ts-timeline-3-item \"><div class=\"ts-timeline-3-content-main\"><div class=\"flag-wrapper\"><div class=\"flag\">2010<\/div><\/div><div class=\"desc-wrapper\"><div class=\"desc\"><strong>Implanta\u00e7\u00e3o do SGI<\/strong><\/div><\/div><\/div><\/li><li id=\"ts-vcsc-process-line-item-7486654\" class=\"ts-timeline-3-item \"><div class=\"ts-timeline-3-content-main\"><div class=\"flag-wrapper\"><div class=\"flag\">2011<\/div><\/div><div class=\"desc-wrapper\"><div class=\"desc\"><strong>Expans\u00e3o<\/strong> da \u00e1rea de atua\u00e7\u00e3o para v\u00e1rios estados, e abertura de escrit\u00f3rio comercial em <strong>Parauapebas \u2013 PA<\/strong><\/div><\/div><\/div><\/li><li id=\"ts-vcsc-process-line-item-3858392\" class=\"ts-timeline-3-item \"><div class=\"ts-timeline-3-content-main\"><div class=\"flag-wrapper\"><div class=\"flag\">2012<\/div><\/div><div class=\"desc-wrapper\"><div class=\"desc\"><span style=\"font-weight: 400;\">Reconhecimento, pelo Cliente Gerdau, por 6 anos consecutivos sem acidentes em obras de expans\u00e3o<\/span><\/div><\/div><\/div><\/li><li id=\"ts-vcsc-process-line-item-4585491\" class=\"ts-timeline-3-item \"><div class=\"ts-timeline-3-content-main\"><div class=\"flag-wrapper\"><div class=\"flag\">2013<\/div><\/div><div class=\"desc-wrapper\"><div class=\"desc\"><span style=\"font-weight: 400;\">Reconhecimento, pelo Cliente Gerdau, por 3 anos consecutivos de servi\u00e7os sem acidente em obras de investimento.<\/span><\/div><\/div><\/div><\/li><li id=\"ts-vcsc-process-line-item-1714415\" class=\"ts-timeline-3-item \"><div class=\"ts-timeline-3-content-main\"><div class=\"flag-wrapper\"><div class=\"flag\">2014<\/div><\/div><div class=\"desc-wrapper\"><div class=\"desc\">Investimento em <strong>Novas Tecnologias<\/strong>: Implanta\u00e7\u00e3o da Plataforma Interna de Gerenciamento de Projetos Online e M\u00f3vel (Tablet\/Smartphone)<\/div><\/div><\/div><\/li><li id=\"ts-vcsc-process-line-item-1025481\" class=\"ts-timeline-3-item \"><div class=\"ts-timeline-3-content-main\"><div class=\"flag-wrapper\"><div class=\"flag\">2015<\/div><\/div><div class=\"desc-wrapper\"><div class=\"desc\">Eleita <strong>Quinta maior empresa<\/strong> de Projeto &amp; Consultoria \u2013 Regi\u00e3o Sudeste (Exceto SP) Ranking Nacional 30 \u2013 Revista: O Empreiteiro | Ano 2015<\/div><\/div><\/div><\/li><li id=\"ts-vcsc-process-line-item-8314985\" class=\"ts-timeline-3-item \"><div class=\"ts-timeline-3-content-main\"><div class=\"flag-wrapper\"><div class=\"flag\">2016<\/div><\/div><div class=\"desc-wrapper\"><div class=\"desc\">Lyon \u00e9 premiada no <strong>Pr\u00eamio TOP Engenharias 2016<\/strong> como empresa destaque na Categoria Minas\/Minera\u00e7\u00e3o\/Servi\u00e7os<\/div><\/div><\/div><\/li><li id=\"ts-vcsc-process-line-item-6876153\" class=\"ts-timeline-3-item \"><div class=\"ts-timeline-3-content-main\"><div class=\"flag-wrapper\"><div class=\"flag\">2018<\/div><\/div><div class=\"desc-wrapper\"><div class=\"desc\"><span style=\"font-weight: 400; display: flex; align-items: center;\">In\u00edcio do apoio ao <a href=\"https:\/\/institutohahaha.org.br\/\"><img loading=\"lazy\" class=\"alignnone\" src=\"https:\/\/i0.wp.com\/institutohahaha.org.br\/wp-content\/uploads\/2020\/08\/logo-1.png?w=1751&amp;ssl=1\" width=\"97\" height=\"95\" \/><\/a><\/span><\/div><\/div><\/div><\/li><li id=\"ts-vcsc-process-line-item-2661672\" class=\"ts-timeline-3-item \"><div class=\"ts-timeline-3-content-main\"><div class=\"flag-wrapper\"><div class=\"flag\">2019<\/div><\/div><div class=\"desc-wrapper\"><div class=\"desc\"><span style=\"font-weight: 400;\">In\u00edcio do projeto App Lyon: tecnologia para resolver as necessidades di\u00e1rias dos colaboradores<\/span><\/div><\/div><\/div><\/li><li id=\"ts-vcsc-process-line-item-2553753\" class=\"ts-timeline-3-item \"><div class=\"ts-timeline-3-content-main\"><div class=\"flag-wrapper\"><div class=\"flag\">2019<\/div><\/div><div class=\"desc-wrapper\"><div class=\"desc\"><span style=\"font-weight: 400;\">Reconhecida como fornecedor destaque em SSMA pelo cliente Arcelor Mittal Tubar\u00e3o<\/span><\/div><\/div><\/div><\/li><li id=\"ts-vcsc-process-line-item-3218192\" class=\"ts-timeline-3-item \"><div class=\"ts-timeline-3-content-main\"><div class=\"flag-wrapper\"><div class=\"flag\">2020<\/div><\/div><div class=\"desc-wrapper\"><div class=\"desc\"><span style=\"font-weight: 400;\">11\u00aa maior empresa de Projetos &amp; Consultoria do Brasil<\/span><\/div><\/div><\/div><\/li><li id=\"ts-vcsc-process-line-item-6882169\" class=\"ts-timeline-3-item \"><div class=\"ts-timeline-3-content-main\"><div class=\"flag-wrapper\"><div class=\"flag\">2021<\/div><\/div><div class=\"desc-wrapper\"><div class=\"desc\"><span style=\"font-weight: 400;\">+ de 2500 colaboradores ativos<\/span><\/div><\/div><\/div><\/li><li id=\"ts-vcsc-process-line-item-9973048\" class=\"ts-timeline-3-item \"><div class=\"ts-timeline-3-content-main\"><div class=\"flag-wrapper\"><div class=\"flag\">2022<\/div><\/div><div class=\"time-wrapper\"><span class=\"time\">2022<\/span><\/div><div class=\"desc-wrapper\"><div class=\"desc\">Lyon \u00e9 certificada pela GPTW<\/p>\n<p><img loading=\"lazy\" class=\"alignnone size-full wp-image-869\" src=\"http:\/\/www.lyonengenharia.com.br\/wp-content\/uploads\/2017\/04\/selo-gptw.png\" alt=\"\" width=\"285\" height=\"219\" \/><\/div><\/div><\/div><\/li><\/ul><\/div><div class=\"vc_empty_space\"   style=\"height: 20px\" ><span class=\"vc_empty_space_inner\"><\/span><\/div>\n<\/div><\/div><\/div><\/div><div class=\"vc_row-full-width vc_clearfix\"><\/div><div data-vc-full-width=\"true\" data-vc-full-width-init=\"false\" class=\"vc_row wpb_row vc_row-fluid wpex-vc-row-stretched\"><div class=\"wpb_column vc_column_container vc_col-sm-12\"><div class=\"vc_column-inner \"  ><div class=\"wpb_wrapper\"><div class=\"vc_empty_space\"   style=\"height: 30px\" ><span class=\"vc_empty_space_inner\"><\/span><\/div>\n\n\t<div class=\"wpb_text_column wpb_content_element  section-title\" >\n\t\t<div class=\"wpb_wrapper\">\n\t\t\t<h2 style=\"text-align: center;\"><strong>Princ\u00edpios<\/strong><br \/>\nB\u00e1sicos<\/h2>\n\n\t\t<\/div>\n\t<\/div>\n\n\t<div class=\"wpb_text_column wpb_content_element \" >\n\t\t<div class=\"wpb_wrapper\">\n\t\t\t<h3 style=\"text-align: center;\">Miss\u00e3o<\/h3>\n<p>Buscar excel\u00eancia e inova\u00e7\u00e3o em solu\u00e7\u00f5es t\u00e9cnicas de engenharia, Gest\u00e3o de Empreendimentos e Gest\u00e3o de Facilities para atender os desafios de nossos clientes, tendo como base uma forte estrutura de conhecimento, norteada por princ\u00edpios \u00e9ticos com responsabilidade social, econ\u00f4mica e ambiental.<\/p>\n\n\t\t<\/div>\n\t<\/div>\n\n\t<div class=\"wpb_text_column wpb_content_element \" >\n\t\t<div class=\"wpb_wrapper\">\n\t\t\t<h3 style=\"text-align: center;\">Vis\u00e3o<\/h3>\n\n\t\t<\/div>\n\t<\/div>\n<div class=\"vc_empty_space\"   style=\"height: 15px\" ><span class=\"vc_empty_space_inner\"><\/span><\/div>\n<div class=\"vc_row wpb_row vc_inner vc_row-fluid remove-column-padding-bottom\"><div class=\"wpb_column vc_column_container vc_col-sm-4\"><div class=\"vc_column-inner \"><div class=\"wpb_wrapper\">\n\t<div class=\"wpb_text_column wpb_content_element  border-left-block accent-border\" >\n\t\t<div class=\"wpb_wrapper\">\n\t\t\t<p><strong>Pessoas:<\/strong> Oferecer uma estrutura de qualidade favorecendo o crescimento profissional e pessoal dos nossos colaboradores.<\/p>\n\n\t\t<\/div>\n\t<\/div>\n<\/div><\/div><\/div><div class=\"wpb_column vc_column_container vc_col-sm-4\"><div class=\"vc_column-inner \"><div class=\"wpb_wrapper\">\n\t<div class=\"wpb_text_column wpb_content_element  border-left-block\" >\n\t\t<div class=\"wpb_wrapper\">\n\t\t\t<p><strong>Mercado:<\/strong> Ser reconhecida como uma empresa inovadora que inspira confian\u00e7a e transpar\u00eancia a seus clientes, acionistas, colaboradores e sociedade.<\/p>\n\n\t\t<\/div>\n\t<\/div>\n<\/div><\/div><\/div><div class=\"wpb_column vc_column_container vc_col-sm-4\"><div class=\"vc_column-inner \"><div class=\"wpb_wrapper\">\n\t<div class=\"wpb_text_column wpb_content_element  border-left-block\" >\n\t\t<div class=\"wpb_wrapper\">\n\t\t\t<p><strong>Resultado:<\/strong> Proporcionar a maximiza\u00e7\u00e3o dos resultados da companhia atrav\u00e9s da efici\u00eancia e melhoria continua de seus processos.<\/p>\n\n\t\t<\/div>\n\t<\/div>\n<\/div><\/div><\/div><\/div>\n\t<div class=\"wpb_text_column wpb_content_element \" >\n\t\t<div class=\"wpb_wrapper\">\n\t\t\t<h3 style=\"text-align: center;\">Nossos valores<\/h3>\n<ul>\n<li><strong>Inova\u00e7\u00e3o<\/strong> &#8211; atrav\u00e9s da contribui\u00e7\u00e3o e conhecimento de cada um, oferecer sempre a melhor solu\u00e7\u00e3o.<\/li>\n<li><strong>Justi\u00e7a<\/strong> &#8211; compreender o impacto de cada decis\u00e3o agindo de forma \u00e9tica com coragem e dignidade.<\/li>\n<li><strong>Seguran\u00e7a<\/strong> &#8211; essencial ao bem estar dos colaboradores, clientes e comunidades em que atuamos e vivemos.<\/li>\n<li><strong>Confian\u00e7a<\/strong> &#8211; conquistar a confian\u00e7a de clientes, colaboradores e parceiros atrav\u00e9s de nossa capacidade de cumprir compromissos assumidos, de buscar a excel\u00eancia no que fazemos, agirmos com transpar\u00eancia nas rela\u00e7\u00f5es, sempre pautados pelos princ\u00edpios da boa governan\u00e7a.<\/li>\n<li><strong>Respeito<\/strong> &#8211; ouvir e entender todos os pontos de vista e opini\u00f5es construindo consensos num ambiente inclusivo.<\/li>\n<li><strong>Comprometimento<\/strong> &#8211; dedicar de forma inteira, consistente, dando o melhor &#8211; fazer a diferen\u00e7a.<\/li>\n<\/ul>\n\n\t\t<\/div>\n\t<\/div>\n<div class=\"vc_empty_space\"   style=\"height: 30px\" ><span class=\"vc_empty_space_inner\"><\/span><\/div>\n<\/div><\/div><\/div><\/div><div class=\"vc_row-full-width vc_clearfix\"><\/div><div data-vc-full-width=\"true\" data-vc-full-width-init=\"false\" class=\"vc_row wpb_row vc_row-fluid alt-bg-color wpex-vc-row-stretched\"><div class=\"wpb_column vc_column_container vc_col-sm-12\"><div class=\"vc_column-inner \"  ><div class=\"wpb_wrapper\"><div class=\"vc_empty_space\"   style=\"height: 30px\" ><span class=\"vc_empty_space_inner\"><\/span><\/div>\n\n\t<div class=\"wpb_text_column wpb_content_element  section-title video-callback\" >\n\t\t<div class=\"wpb_wrapper\">\n\t\t\t<p><a class=\"anchor-link\" name=\"video\"><\/a><\/p>\n<h2><img loading=\"lazy\" class=\"alignnone size-full wp-image-48\" src=\"http:\/\/www.lyonengenharia.com.br\/wp-content\/uploads\/2017\/03\/play-video-icon.png\" alt=\"\" width=\"69\" height=\"69\" \/>Conhe\u00e7a mais sobre a <br class=\"break-row\" \/><strong>Lyon Engenharia<\/strong><\/h2>\n\n\t\t<\/div>\n\t<\/div>\n\n\t<div class=\"wpb_text_column wpb_content_element  video\" >\n\t\t<div class=\"wpb_wrapper\">\n\t\t\t<div style=\"width: 980px;\" class=\"wp-video\"><!--[if lt IE 9]><script>document.createElement('video');<\/script><![endif]-->\n<video class=\"wp-video-shortcode\" id=\"video-71-1\" width=\"980\" height=\"551\" preload=\"metadata\" controls=\"controls\"><source type=\"video\/mp4\" src=\"http:\/\/www.lyonengenharia.com.br\/wp-content\/uploads\/2017\/04\/Lyon-Engenharia-1.mp4?_=1\" \/><a href=\"http:\/\/www.lyonengenharia.com.br\/wp-content\/uploads\/2017\/04\/Lyon-Engenharia-1.mp4\">http:\/\/www.lyonengenharia.com.br\/wp-content\/uploads\/2017\/04\/Lyon-Engenharia-1.mp4<\/a><\/video><\/div>\n\n\t\t<\/div>\n\t<\/div>\n<div class=\"vc_empty_space\"   style=\"height: 30px\" ><span class=\"vc_empty_space_inner\"><\/span><\/div>\n<\/div><\/div><\/div><\/div><div class=\"vc_row-full-width vc_clearfix\"><\/div><div data-vc-full-width=\"true\" data-vc-full-width-init=\"false\" class=\"vc_row wpb_row vc_row-fluid wpex-vc-row-stretched\"><div class=\"wpb_column vc_column_container vc_col-sm-12 visible-tablet-landscape\"><div class=\"vc_column-inner \"  ><div class=\"wpb_wrapper\"><div class=\"vc_empty_space\"   style=\"height: 20px\" ><span class=\"vc_empty_space_inner\"><\/span><\/div>\n\n\t<div class=\"wpb_text_column wpb_content_element  section-title\" >\n\t\t<div class=\"wpb_wrapper\">\n\t\t\t<h2 style=\"text-align: center;\"><strong>Certificados<\/strong><\/h2>\n\n\t\t<\/div>\n\t<\/div>\n\n\t<div class=\"wpb_text_column wpb_content_element \" >\n\t\t<div class=\"wpb_wrapper\">\n\t\t\t<p>A LYON atualmente \u00e9 certificada em n\u00edvel internacional atrav\u00e9s da ISO 9001:2008, ISO 14001:2004, OHSAS 18001:2007 com certificado concedido pela certificadora RINA.<\/p>\n\n\t\t<\/div>\n\t<\/div>\n<div class=\"vc_empty_space\"   style=\"height: 20px\" ><span class=\"vc_empty_space_inner\"><\/span><\/div>\n\n\t<div class=\"wpb_text_column wpb_content_element  certificates-block\" >\n\t\t<div class=\"wpb_wrapper\">\n\t\t\t<ul>\n<li><strong>Certificado ISO 9001:2008<\/strong><\/li>\n<li><strong>Certificado OHSAS 18001:2007<\/strong><\/li>\n<li><strong>Certificado ISO 14001:2004<\/strong><\/li>\n<\/ul>\n\n\t\t<\/div>\n\t<\/div>\n<div class=\"vc_empty_space\"   style=\"height: 20px\" ><span class=\"vc_empty_space_inner\"><\/span><\/div>\n<\/div><\/div><\/div><\/div><div class=\"vc_row-full-width vc_clearfix\"><\/div><div data-vc-full-width=\"true\" data-vc-full-width-init=\"false\" class=\"vc_row wpb_row vc_row-fluid alt-bg-color reduce-column-margin-bottom vc_custom_1495739615030 wpex-vc-row-stretched\"><div class=\"wpb_column vc_column_container vc_col-sm-12\"><div class=\"vc_column-inner \"  ><div class=\"wpb_wrapper\"><div class=\"vc_empty_space\"   style=\"height: 30px\" ><span class=\"vc_empty_space_inner\"><\/span><\/div>\n\n\t<div class=\"wpb_text_column wpb_content_element  section-title\" >\n\t\t<div class=\"wpb_wrapper\">\n\t\t\t<h2 style=\"text-align: center;\">Conhe\u00e7a nossos<br \/>\n<strong>Produtos e Servi\u00e7os<\/strong><\/h2>\n\n\t\t<\/div>\n\t<\/div>\n<div class=\"vc_empty_space\"   style=\"height: 20px\" ><span class=\"vc_empty_space_inner\"><\/span><\/div>\n<\/div><\/div><\/div><\/div><div class=\"vc_row-full-width vc_clearfix\"><\/div><div data-vc-full-width=\"true\" data-vc-full-width-init=\"false\" class=\"vc_row wpb_row vc_row-fluid alt-bg-color servicos-row wpex-vc-row-stretched wpex-vc-has-custom-column-spacing wpex-vc-column-spacing-1\"><div class=\"wpb_column vc_column_container vc_col-sm-6\"><div class=\"vc_column-inner \"  ><div class=\"wpb_wrapper\">\n\t<div class=\"wpb_text_column wpb_content_element  vc_custom_1499189410418 servicos-block engenharia\" >\n\t\t<div class=\"wpb_wrapper\">\n\t\t\t<p><a href=\"http:\/\/www.lyonengenharia.com.br\/gestao-de-empreendimentos\/\"><span class=\"servicos-title\">Engenharia, Gerenciamento e Fiscaliza\u00e7\u00e3o de Obras<\/span><\/a><\/p>\n\n\t\t<\/div>\n\t<\/div>\n<\/div><\/div><\/div><div class=\"wpb_column vc_column_container vc_col-sm-6\"><div class=\"vc_column-inner \"  ><div class=\"wpb_wrapper\">\n\t<div class=\"wpb_text_column wpb_content_element  vc_custom_1493988970614 servicos-block facilities\" >\n\t\t<div class=\"wpb_wrapper\">\n\t\t\t<p><a href=\"http:\/\/www.lyonengenharia.com.br\/gestao-de-facilities\/\"><span class=\"servicos-title\">Gest\u00e3o de <br class=\"break-row\" \/>Facilities<\/span><\/a><\/p>\n\n\t\t<\/div>\n\t<\/div>\n<\/div><\/div><\/div><\/div><div class=\"vc_row-full-width vc_clearfix\"><\/div><div data-vc-full-width=\"true\" data-vc-full-width-init=\"false\" class=\"vc_row wpb_row vc_row-fluid alt-bg-color wpex-vc-row-stretched\"><div class=\"wpb_column vc_column_container vc_col-sm-12\"><div class=\"vc_column-inner \"  ><div class=\"wpb_wrapper\"><div class=\"vc_empty_space\"   style=\"height: 40px\" ><span class=\"vc_empty_space_inner\"><\/span><\/div>\n<\/div><\/div><\/div><\/div><div class=\"vc_row-full-width vc_clearfix\"><\/div>\n","protected":false},"excerpt":{"rendered":"Solidez e Planejamento 17 anos dedicados a atender colaboradores e clientes Sobre a Lyon Engenharia Somos uma empresa de resultados s\u00f3lidos e em cont\u00ednuo crescimento. Acreditamos que a inova\u00e7\u00e3o, o respeito e o comprometimento, atrelados \u00e0 conhecimento e experi\u00eancia, se&hellip;","protected":false},"author":2,"featured_media":0,"parent":0,"menu_order":0,"comment_status":"closed","ping_status":"closed","template":"","meta":[],"yoast_head":"<!-- This site is optimized with the Yoast SEO plugin v19.6.1 - https:\/\/yoast.com\/wordpress\/plugins\/seo\/ -->\n<title>Sobre a Lyon - Lyon Engenharia<\/title>\n<meta name=\"robots\" content=\"index, follow, max-snippet:-1, max-image-preview:large, max-video-preview:-1\" \/>\n<link rel=\"canonical\" href=\"https:\/\/www.lyonengenharia.com.br\/sobre\/\" \/>\n<meta property=\"og:locale\" content=\"pt_BR\" \/>\n<meta property=\"og:type\" content=\"article\" \/>\n<meta property=\"og:title\" content=\"Sobre a Lyon - Lyon Engenharia\" \/>\n<meta property=\"og:url\" content=\"https:\/\/www.lyonengenharia.com.br\/sobre\/\" \/>\n<meta property=\"og:site_name\" content=\"Lyon Engenharia\" \/>\n<meta property=\"article:modified_time\" content=\"2022-02-22T21:55:27+00:00\" \/>\n<meta property=\"og:image\" content=\"https:\/\/i0.wp.com\/institutohahaha.org.br\/wp-content\/uploads\/2020\/08\/logo-1.png?w=1751&amp;ssl=1\" \/>\n<meta name=\"twitter:card\" content=\"summary\" \/>\n<meta name=\"twitter:label1\" content=\"Est. tempo de leitura\" \/>\n\t<meta name=\"twitter:data1\" content=\"7 minutos\" \/>\n<script type=\"application\/ld+json\" class=\"yoast-schema-graph\">{\"@context\":\"https:\/\/schema.org\",\"@graph\":[{\"@type\":\"WebPage\",\"@id\":\"https:\/\/www.lyonengenharia.com.br\/sobre\/\",\"url\":\"https:\/\/www.lyonengenharia.com.br\/sobre\/\",\"name\":\"Sobre a Lyon - Lyon Engenharia\",\"isPartOf\":{\"@id\":\"https:\/\/www.lyonengenharia.com.br\/#website\"},\"datePublished\":\"2017-04-18T15:06:43+00:00\",\"dateModified\":\"2022-02-22T21:55:27+00:00\",\"breadcrumb\":{\"@id\":\"https:\/\/www.lyonengenharia.com.br\/sobre\/#breadcrumb\"},\"inLanguage\":\"pt-BR\",\"potentialAction\":[{\"@type\":\"ReadAction\",\"target\":[\"https:\/\/www.lyonengenharia.com.br\/sobre\/\"]}]},{\"@type\":\"BreadcrumbList\",\"@id\":\"https:\/\/www.lyonengenharia.com.br\/sobre\/#breadcrumb\",\"itemListElement\":[{\"@type\":\"ListItem\",\"position\":1,\"name\":\"In\u00edcio\",\"item\":\"https:\/\/www.lyonengenharia.com.br\/\"},{\"@type\":\"ListItem\",\"position\":2,\"name\":\"Sobre a Lyon\"}]},{\"@type\":\"WebSite\",\"@id\":\"https:\/\/www.lyonengenharia.com.br\/#website\",\"url\":\"https:\/\/www.lyonengenharia.com.br\/\",\"name\":\"Lyon Engenharia\",\"description\":\"Especializada em servi\u00e7os de engenharia e gest\u00e3o de facilities\",\"potentialAction\":[{\"@type\":\"SearchAction\",\"target\":{\"@type\":\"EntryPoint\",\"urlTemplate\":\"https:\/\/www.lyonengenharia.com.br\/?s={search_term_string}\"},\"query-input\":\"required name=search_term_string\"}],\"inLanguage\":\"pt-BR\"}]}<\/script>\n<!-- \/ Yoast SEO plugin. -->","yoast_head_json":{"title":"Sobre a Lyon - Lyon Engenharia","robots":{"index":"index","follow":"follow","max-snippet":"max-snippet:-1","max-image-preview":"max-image-preview:large","max-video-preview":"max-video-preview:-1"},"canonical":"https:\/\/www.lyonengenharia.com.br\/sobre\/","og_locale":"pt_BR","og_type":"article","og_title":"Sobre a Lyon - Lyon Engenharia","og_url":"https:\/\/www.lyonengenharia.com.br\/sobre\/","og_site_name":"Lyon Engenharia","article_modified_time":"2022-02-22T21:55:27+00:00","og_image":[{"url":"https:\/\/i0.wp.com\/institutohahaha.org.br\/wp-content\/uploads\/2020\/08\/logo-1.png?w=1751&amp;ssl=1"}],"twitter_card":"summary","twitter_misc":{"Est. tempo de leitura":"7 minutos"},"schema":{"@context":"https:\/\/schema.org","@graph":[{"@type":"WebPage","@id":"https:\/\/www.lyonengenharia.com.br\/sobre\/","url":"https:\/\/www.lyonengenharia.com.br\/sobre\/","name":"Sobre a Lyon - Lyon Engenharia","isPartOf":{"@id":"https:\/\/www.lyonengenharia.com.br\/#website"},"datePublished":"2017-04-18T15:06:43+00:00","dateModified":"2022-02-22T21:55:27+00:00","breadcrumb":{"@id":"https:\/\/www.lyonengenharia.com.br\/sobre\/#breadcrumb"},"inLanguage":"pt-BR","potentialAction":[{"@type":"ReadAction","target":["https:\/\/www.lyonengenharia.com.br\/sobre\/"]}]},{"@type":"BreadcrumbList","@id":"https:\/\/www.lyonengenharia.com.br\/sobre\/#breadcrumb","itemListElement":[{"@type":"ListItem","position":1,"name":"In\u00edcio","item":"https:\/\/www.lyonengenharia.com.br\/"},{"@type":"ListItem","position":2,"name":"Sobre a Lyon"}]},{"@type":"WebSite","@id":"https:\/\/www.lyonengenharia.com.br\/#website","url":"https:\/\/www.lyonengenharia.com.br\/","name":"Lyon Engenharia","description":"Especializada em servi\u00e7os de engenharia e gest\u00e3o de facilities","potentialAction":[{"@type":"SearchAction","target":{"@type":"EntryPoint","urlTemplate":"https:\/\/www.lyonengenharia.com.br\/?s={search_term_string}"},"query-input":"required name=search_term_string"}],"inLanguage":"pt-BR"}]}},"_links":{"self":[{"href":"https:\/\/www.lyonengenharia.com.br\/index.php?rest_route=\/wp\/v2\/pages\/71"}],"collection":[{"href":"https:\/\/www.lyonengenharia.com.br\/index.php?rest_route=\/wp\/v2\/pages"}],"about":[{"href":"https:\/\/www.lyonengenharia.com.br\/index.php?rest_route=\/wp\/v2\/types\/page"}],"author":[{"embeddable":true,"href":"https:\/\/www.lyonengenharia.com.br\/index.php?rest_route=\/wp\/v2\/users\/2"}],"replies":[{"embeddable":true,"href":"https:\/\/www.lyonengenharia.com.br\/index.php?rest_route=%2Fwp%2Fv2%2Fcomments&post=71"}],"version-history":[{"count":44,"href":"https:\/\/www.lyonengenharia.com.br\/index.php?rest_route=\/wp\/v2\/pages\/71\/revisions"}],"predecessor-version":[{"id":871,"href":"https:\/\/www.lyonengenharia.com.br\/index.php?rest_route=\/wp\/v2\/pages\/71\/revisions\/871"}],"wp:attachment":[{"href":"https:\/\/www.lyonengenharia.com.br\/index.php?rest_route=%2Fwp%2Fv2%2Fmedia&parent=71"}],"curies":[{"name":"wp","href":"https:\/\/api.w.org\/{rel}","templated":true}]}}